{"id":25,"date":"2023-05-17T18:51:06","date_gmt":"2023-05-17T16:51:06","guid":{"rendered":"https:\/\/sabinasek.test-instance-user.com\/?page_id=25"},"modified":"2023-05-17T18:52:16","modified_gmt":"2023-05-17T16:52:16","slug":"testowa-strona-z-jakas-trescia","status":"publish","type":"page","link":"https:\/\/sabinasek.test-instance-user.com\/index.php\/testowa-strona-z-jakas-trescia\/","title":{"rendered":"testowa strona z jak\u0105\u015b tre\u015bci\u0105"},"content":{"rendered":"<p><iframe loading=\"lazy\" title=\"YouTube video player\" src=\"https:\/\/www.youtube.com\/embed\/Mk0AbjSIFLE\" width=\"560\" height=\"315\" frameborder=\"0\" allowfullscreen=\"allowfullscreen\"><\/iframe><\/p>\n","protected":false},"excerpt":{"rendered":"","protected":false},"author":1,"featured_media":0,"parent":0,"menu_order":0,"comment_status":"closed","ping_status":"closed","template":"","meta":{"footnotes":""},"class_list":["post-25","page","type-page","status-publish","hentry"],"_links":{"self":[{"href":"https:\/\/sabinasek.test-instance-user.com\/index.php\/wp-json\/wp\/v2\/pages\/25","targetHints":{"allow":["GET"]}}],"collection":[{"href":"https:\/\/sabinasek.test-instance-user.com\/index.php\/wp-json\/wp\/v2\/pages"}],"about":[{"href":"https:\/\/sabinasek.test-instance-user.com\/index.php\/wp-json\/wp\/v2\/types\/page"}],"author":[{"embeddable":true,"href":"https:\/\/sabinasek.test-instance-user.com\/index.php\/wp-json\/wp\/v2\/users\/1"}],"replies":[{"embeddable":true,"href":"https:\/\/sabinasek.test-instance-user.com\/index.php\/wp-json\/wp\/v2\/comments?post=25"}],"version-history":[{"count":3,"href":"https:\/\/sabinasek.test-instance-user.com\/index.php\/wp-json\/wp\/v2\/pages\/25\/revisions"}],"predecessor-version":[{"id":29,"href":"https:\/\/sabinasek.test-instance-user.com\/index.php\/wp-json\/wp\/v2\/pages\/25\/revisions\/29"}],"wp:attachment":[{"href":"https:\/\/sabinasek.test-instance-user.com\/index.php\/wp-json\/wp\/v2\/media?parent=25"}],"curies":[{"name":"wp","href":"https:\/\/api.w.org\/{rel}","templated":true}]}}